	



	{"id":18,"date":"2022-11-15T08:43:50","date_gmt":"2022-11-15T07:43:50","guid":{"rendered":"https:\/\/kitbase.webs.fococonsultores.es\/?page_id=18"},"modified":"2023-10-20T12:46:22","modified_gmt":"2023-10-20T11:46:22","slug":"nosotros","status":"publish","type":"page","link":"https:\/\/grupocubito12.es\/index.php\/nosotros\/","title":{"rendered":"Nosotros"},"content":{"rendered":"\n<div style=\"height:4vh\" aria-hidden=\"true\" class=\"wp-block-spacer\"><\/div>\n\n\n<div class=\"yoast-breadcrumbs\"><span><span><a href=\"https:\/\/grupocubito12.es\/\">Portada<\/a> \u00bb <span class=\"breadcrumb_last\" aria-current=\"page\">Nosotros<\/span><\/span><\/span><\/div>\n\n\n<div class=\"wp-block-cover alignfull is-light\"><span aria-hidden=\"true\" class=\"wp-block-cover__background has-white-background-color has-background-dim-100 has-background-dim\"><\/span><div class=\"wp-block-cover__inner-container\">\n<div class=\"is-layout-constrained wp-block-group\"><div class=\"wp-block-group__inner-container\">\n<div class=\"is-layout-flex wp-container-4 wp-block-columns\">\n<div class=\"is-layout-flow wp-block-column is-vertically-aligned-center\" style=\"flex-basis:50%\"><div class=\"wp-block-image\">\n<figure class=\"alignleft size-full\"><img decoding=\"async\" loading=\"lazy\" width=\"612\" height=\"344\" src=\"https:\/\/grupocubito12.es\/wp-content\/uploads\/sites\/34\/2023\/07\/quienes-somos.jpg\" alt=\"Trabajadores Empresa Construcci\u00f3n y Reformas Grupo C\u00fabito S.L\" class=\"wp-image-682\" srcset=\"https:\/\/grupocubito12.es\/wp-content\/uploads\/sites\/34\/2023\/07\/quienes-somos.jpg 612w, https:\/\/grupocubito12.es\/wp-content\/uploads\/sites\/34\/2023\/07\/quienes-somos-300x169.jpg 300w\" sizes=\"(max-width: 612px) 100vw, 612px\" \/><\/figure><\/div><\/div>\n\n\n\n<div class=\"is-layout-flow wp-block-column is-vertically-aligned-center\">\n<h1 class=\"has-large-font-size\">Nuestra empresa<\/h1>\n\n\n\n<h2><strong>CUBITO 12, S.L<\/strong><\/h2>\n\n\n\n<p>CUBITO&nbsp;12, S.L es una empresa nacida de la fusi\u00f3n de dos empresas serias con m\u00e1s de 25 a\u00f1os de experiencia en el sector de la construcci\u00f3n ejecutando revestimientos exteriores en fachadas (SATE), aislamientos t\u00e9rmicos, ac\u00fasticos e ign\u00edfugos,&nbsp; todo tipo de rehabilitaci\u00f3n integral de la Envolvente y patolog\u00edas del Edificio.<\/p>\n\n\n\n<p>Somos lideres en nuestro sector en calidad y precios. Trabajamos con materiales de primeras marcas: Weber, Mapei, Gecol, Roockwool, STO, KNAUF, \u2026<\/p>\n<\/div>\n\n\n\n<div class=\"is-layout-flow wp-block-column\" style=\"flex-basis:2%\"><\/div>\n<\/div>\n<\/div><\/div>\n<\/div><\/div>\n","protected":false},"excerpt":{"rendered":"","protected":false},"author":2,"featured_media":682,"parent":0,"menu_order":0,"comment_status":"closed","ping_status":"closed","template":"","meta":{"_mi_skip_tracking":false},"yoast_head":"<!-- This site is optimized with the Yoast SEO plugin v19.10 - https:\/\/yoast.com\/wordpress\/plugins\/seo\/ -->\n<title>Aislamientos y Rehabilitaci\u00f3n en Murcia - C\u00fabito12 S.L<\/title>\n<meta name=\"description\" content=\"Grupo Cubito S.L. es una empresa con experiencia en el sector Aislamientos y Rehabilitaci\u00f3n Integral de Fachadas ubicada en Murcia.\" \/>\n<meta name=\"robots\" content=\"index, follow, max-snippet:-1, max-image-preview:large, max-video-preview:-1\" \/>\n<link rel=\"canonical\" href=\"https:\/\/grupocubito12.es\/index.php\/nosotros\/\" \/>\n<meta property=\"og:locale\" content=\"es_ES\" \/>\n<meta property=\"og:type\" content=\"article\" \/>\n<meta property=\"og:title\" content=\"Aislamientos y Rehabilitaci\u00f3n en Murcia - C\u00fabito12 S.L\" \/>\n<meta property=\"og:description\" content=\"Grupo Cubito S.L. es una empresa con experiencia en el sector Aislamientos y Rehabilitaci\u00f3n Integral de Fachadas ubicada en Murcia.\" \/>\n<meta property=\"og:url\" content=\"https:\/\/grupocubito12.es\/index.php\/nosotros\/\" \/>\n<meta property=\"og:site_name\" content=\"C\u00fabito 12 S.L.\" \/>\n<meta property=\"article:modified_time\" content=\"2023-10-20T11:46:22+00:00\" \/>\n<meta property=\"og:image\" content=\"https:\/\/grupocubito12.es\/wp-content\/uploads\/sites\/34\/2023\/07\/quienes-somos.jpg\" \/>\n\t<meta property=\"og:image:width\" content=\"612\" \/>\n\t<meta property=\"og:image:height\" content=\"344\" \/>\n\t<meta property=\"og:image:type\" content=\"image\/jpeg\" \/>\n<meta name=\"twitter:card\" content=\"summary_large_image\" \/>\n<meta name=\"twitter:label1\" content=\"Tiempo de lectura\" \/>\n\t<meta name=\"twitter:data1\" content=\"1 minuto\" \/>\n<script type=\"application\/ld+json\" class=\"yoast-schema-graph\">{\"@context\":\"https:\/\/schema.org\",\"@graph\":[{\"@type\":\"WebPage\",\"@id\":\"https:\/\/grupocubito12.es\/index.php\/nosotros\/\",\"url\":\"https:\/\/grupocubito12.es\/index.php\/nosotros\/\",\"name\":\"Aislamientos y Rehabilitaci\u00f3n en Murcia - C\u00fabito12 S.L\",\"isPartOf\":{\"@id\":\"https:\/\/grupocubito12.es\/#website\"},\"datePublished\":\"2022-11-15T07:43:50+00:00\",\"dateModified\":\"2023-10-20T11:46:22+00:00\",\"description\":\"Grupo Cubito S.L. es una empresa con experiencia en el sector Aislamientos y Rehabilitaci\u00f3n Integral de Fachadas ubicada en Murcia.\",\"breadcrumb\":{\"@id\":\"https:\/\/grupocubito12.es\/index.php\/nosotros\/#breadcrumb\"},\"inLanguage\":\"es\",\"potentialAction\":[{\"@type\":\"ReadAction\",\"target\":[\"https:\/\/grupocubito12.es\/index.php\/nosotros\/\"]}]},{\"@type\":\"BreadcrumbList\",\"@id\":\"https:\/\/grupocubito12.es\/index.php\/nosotros\/#breadcrumb\",\"itemListElement\":[{\"@type\":\"ListItem\",\"position\":1,\"name\":\"Portada\",\"item\":\"https:\/\/grupocubito12.es\/\"},{\"@type\":\"ListItem\",\"position\":2,\"name\":\"Nosotros\"}]},{\"@type\":\"WebSite\",\"@id\":\"https:\/\/grupocubito12.es\/#website\",\"url\":\"https:\/\/grupocubito12.es\/\",\"name\":\"C\u00fabito 12 S.L.\",\"description\":\"Revestimiento de Fachadas y Aislamientos\",\"publisher\":{\"@id\":\"https:\/\/grupocubito12.es\/#organization\"},\"potentialAction\":[{\"@type\":\"SearchAction\",\"target\":{\"@type\":\"EntryPoint\",\"urlTemplate\":\"https:\/\/grupocubito12.es\/?s={search_term_string}\"},\"query-input\":\"required name=search_term_string\"}],\"inLanguage\":\"es\"},{\"@type\":\"Organization\",\"@id\":\"https:\/\/grupocubito12.es\/#organization\",\"name\":\"C\u00fabito 12 S.L.\",\"url\":\"https:\/\/grupocubito12.es\/\",\"logo\":{\"@type\":\"ImageObject\",\"inLanguage\":\"es\",\"@id\":\"https:\/\/grupocubito12.es\/#\/schema\/logo\/image\/\",\"url\":\"https:\/\/grupocubito12.es\/wp-content\/uploads\/sites\/34\/2024\/02\/LOGOCUBITO12.jpg\",\"contentUrl\":\"https:\/\/grupocubito12.es\/wp-content\/uploads\/sites\/34\/2024\/02\/LOGOCUBITO12.jpg\",\"width\":800,\"height\":566,\"caption\":\"C\u00fabito 12 S.L.\"},\"image\":{\"@id\":\"https:\/\/grupocubito12.es\/#\/schema\/logo\/image\/\"}}]}<\/script>\n<!-- \/ Yoast SEO plugin. -->","yoast_head_json":{"title":"Aislamientos y Rehabilitaci\u00f3n en Murcia - C\u00fabito12 S.L","description":"Grupo Cubito S.L. es una empresa con experiencia en el sector Aislamientos y Rehabilitaci\u00f3n Integral de Fachadas ubicada en Murcia.","robots":{"index":"index","follow":"follow","max-snippet":"max-snippet:-1","max-image-preview":"max-image-preview:large","max-video-preview":"max-video-preview:-1"},"canonical":"https:\/\/grupocubito12.es\/index.php\/nosotros\/","og_locale":"es_ES","og_type":"article","og_title":"Aislamientos y Rehabilitaci\u00f3n en Murcia - C\u00fabito12 S.L","og_description":"Grupo Cubito S.L. es una empresa con experiencia en el sector Aislamientos y Rehabilitaci\u00f3n Integral de Fachadas ubicada en Murcia.","og_url":"https:\/\/grupocubito12.es\/index.php\/nosotros\/","og_site_name":"C\u00fabito 12 S.L.","article_modified_time":"2023-10-20T11:46:22+00:00","og_image":[{"width":612,"height":344,"url":"https:\/\/grupocubito12.es\/wp-content\/uploads\/sites\/34\/2023\/07\/quienes-somos.jpg","type":"image\/jpeg"}],"twitter_card":"summary_large_image","twitter_misc":{"Tiempo de lectura":"1 minuto"},"schema":{"@context":"https:\/\/schema.org","@graph":[{"@type":"WebPage","@id":"https:\/\/grupocubito12.es\/index.php\/nosotros\/","url":"https:\/\/grupocubito12.es\/index.php\/nosotros\/","name":"Aislamientos y Rehabilitaci\u00f3n en Murcia - C\u00fabito12 S.L","isPartOf":{"@id":"https:\/\/grupocubito12.es\/#website"},"datePublished":"2022-11-15T07:43:50+00:00","dateModified":"2023-10-20T11:46:22+00:00","description":"Grupo Cubito S.L. es una empresa con experiencia en el sector Aislamientos y Rehabilitaci\u00f3n Integral de Fachadas ubicada en Murcia.","breadcrumb":{"@id":"https:\/\/grupocubito12.es\/index.php\/nosotros\/#breadcrumb"},"inLanguage":"es","potentialAction":[{"@type":"ReadAction","target":["https:\/\/grupocubito12.es\/index.php\/nosotros\/"]}]},{"@type":"BreadcrumbList","@id":"https:\/\/grupocubito12.es\/index.php\/nosotros\/#breadcrumb","itemListElement":[{"@type":"ListItem","position":1,"name":"Portada","item":"https:\/\/grupocubito12.es\/"},{"@type":"ListItem","position":2,"name":"Nosotros"}]},{"@type":"WebSite","@id":"https:\/\/grupocubito12.es\/#website","url":"https:\/\/grupocubito12.es\/","name":"C\u00fabito 12 S.L.","description":"Revestimiento de Fachadas y Aislamientos","publisher":{"@id":"https:\/\/grupocubito12.es\/#organization"},"potentialAction":[{"@type":"SearchAction","target":{"@type":"EntryPoint","urlTemplate":"https:\/\/grupocubito12.es\/?s={search_term_string}"},"query-input":"required name=search_term_string"}],"inLanguage":"es"},{"@type":"Organization","@id":"https:\/\/grupocubito12.es\/#organization","name":"C\u00fabito 12 S.L.","url":"https:\/\/grupocubito12.es\/","logo":{"@type":"ImageObject","inLanguage":"es","@id":"https:\/\/grupocubito12.es\/#\/schema\/logo\/image\/","url":"https:\/\/grupocubito12.es\/wp-content\/uploads\/sites\/34\/2024\/02\/LOGOCUBITO12.jpg","contentUrl":"https:\/\/grupocubito12.es\/wp-content\/uploads\/sites\/34\/2024\/02\/LOGOCUBITO12.jpg","width":800,"height":566,"caption":"C\u00fabito 12 S.L."},"image":{"@id":"https:\/\/grupocubito12.es\/#\/schema\/logo\/image\/"}}]}},"_links":{"self":[{"href":"https:\/\/grupocubito12.es\/index.php\/wp-json\/wp\/v2\/pages\/18"}],"collection":[{"href":"https:\/\/grupocubito12.es\/index.php\/wp-json\/wp\/v2\/pages"}],"about":[{"href":"https:\/\/grupocubito12.es\/index.php\/wp-json\/wp\/v2\/types\/page"}],"author":[{"embeddable":true,"href":"https:\/\/grupocubito12.es\/index.php\/wp-json\/wp\/v2\/users\/2"}],"replies":[{"embeddable":true,"href":"https:\/\/grupocubito12.es\/index.php\/wp-json\/wp\/v2\/comments?post=18"}],"version-history":[{"count":29,"href":"https:\/\/grupocubito12.es\/index.php\/wp-json\/wp\/v2\/pages\/18\/revisions"}],"predecessor-version":[{"id":1061,"href":"https:\/\/grupocubito12.es\/index.php\/wp-json\/wp\/v2\/pages\/18\/revisions\/1061"}],"wp:featuredmedia":[{"embeddable":true,"href":"https:\/\/grupocubito12.es\/index.php\/wp-json\/wp\/v2\/media\/682"}],"wp:attachment":[{"href":"https:\/\/grupocubito12.es\/index.php\/wp-json\/wp\/v2\/media?parent=18"}],"curies":[{"name":"wp","href":"https:\/\/api.w.org\/{rel}","templated":true}]}}