	



	{"id":20,"date":"2022-11-15T08:44:16","date_gmt":"2022-11-15T07:44:16","guid":{"rendered":"https:\/\/kitbase.webs.fococonsultores.es\/?page_id=20"},"modified":"2023-10-20T12:56:32","modified_gmt":"2023-10-20T11:56:32","slug":"servicios","status":"publish","type":"page","link":"https:\/\/grupocubito12.es\/index.php\/servicios\/","title":{"rendered":"Servicios"},"content":{"rendered":"\n<div style=\"height:4vh\" aria-hidden=\"true\" class=\"wp-block-spacer\"><\/div>\n\n\n<div class=\"yoast-breadcrumbs\"><span><span><a href=\"https:\/\/grupocubito12.es\/\">Portada<\/a> \u00bb <span class=\"breadcrumb_last\" aria-current=\"page\">Servicios<\/span><\/span><\/span><\/div>\n\n\n<h1 class=\"has-large-font-size\">Servicios de Aislamiento, Impermeabilizaci\u00f3n y Rehabilitaci\u00f3n Integral de Fachadas.<\/h1>\n\n\n\n<div class=\"wp-block-cover alignfull\"><span aria-hidden=\"true\" class=\"wp-block-cover__background has-background-dim-100 has-background-dim\" style=\"background-color:#1a1a1a\"><\/span><div class=\"wp-block-cover__inner-container\">\n<div class=\"wp-block-media-text alignwide is-stacked-on-mobile\" style=\"grid-template-columns:30% auto\"><figure class=\"wp-block-media-text__media\"><img decoding=\"async\" loading=\"lazy\" width=\"1000\" height=\"616\" src=\"https:\/\/grupocubito12.es\/wp-content\/uploads\/sites\/34\/2023\/07\/servicio-rehabilitacion-de-fachadas.jpg\" alt=\"\" class=\"wp-image-689 size-full\" srcset=\"https:\/\/grupocubito12.es\/wp-content\/uploads\/sites\/34\/2023\/07\/servicio-rehabilitacion-de-fachadas.jpg 1000w, https:\/\/grupocubito12.es\/wp-content\/uploads\/sites\/34\/2023\/07\/servicio-rehabilitacion-de-fachadas-300x185.jpg 300w, https:\/\/grupocubito12.es\/wp-content\/uploads\/sites\/34\/2023\/07\/servicio-rehabilitacion-de-fachadas-768x473.jpg 768w\" sizes=\"(max-width: 1000px) 100vw, 1000px\" \/><\/figure><div class=\"wp-block-media-text__content\">\n<h2 class=\"has-white-color has-text-color\"><strong>Rehabilitaciones de fachadas<\/strong><\/h2>\n\n\n\n<p>La empresa Cubito12 brinda soluciones en el revestimiento, las patolog\u00edas, la protecci\u00f3n y la impermeabilizaci\u00f3n de todo tipo de edificios en el territorio nacional.<\/p>\n\n\n\n<p>\u00a0Realizamos\u00a0la rehabilitaci\u00f3n de la envolvente del\u00a0edificio, estructuras diversas y cubiertas con productos de alta calidad.<\/p>\n<\/div><\/div>\n<\/div><\/div>\n\n\n\n<div class=\"wp-block-cover alignfull is-light\"><span aria-hidden=\"true\" class=\"wp-block-cover__background has-white-background-color has-background-dim-100 has-background-dim\"><\/span><div class=\"wp-block-cover__inner-container\">\n<div class=\"wp-block-media-text alignwide has-media-on-the-right is-stacked-on-mobile\" style=\"grid-template-columns:auto 30%\"><div class=\"wp-block-media-text__content\">\n<h2 class=\"has-black-color has-text-color\"><strong>Aislamientos ign\u00edfugos, ac\u00fasticos y t\u00e9rmicos<\/strong><\/h2>\n\n\n\n<p>Trabajamos con aplicaciones de poliuretano proyectado (tambi\u00e9n conocido como espuma de poliuretano), morteros ign\u00edfugos, protecci\u00f3n pasiva contra el fuego y sistemas SATE (ETICS).<\/p>\n\n\n\n<p>Realizamos aislamientos en viviendas, oficinas, hoteles, centro de trabajo, para que s\u00f3lo tengas que pensar en lo importante. El aislamiento de calidad es el que se diferencia a corto plazo en t\u00e9rminos de calidad de vida, as\u00ed como evitar imprevistos en el futuro.<\/p>\n<\/div><figure class=\"wp-block-media-text__media\"><img decoding=\"async\" loading=\"lazy\" width=\"1000\" height=\"616\" src=\"https:\/\/grupocubito12.es\/wp-content\/uploads\/sites\/34\/2023\/07\/servicio-aislamiento-ignifugo-acustico-y-termico.jpg\" alt=\"\" class=\"wp-image-690 size-full\" srcset=\"https:\/\/grupocubito12.es\/wp-content\/uploads\/sites\/34\/2023\/07\/servicio-aislamiento-ignifugo-acustico-y-termico.jpg 1000w, https:\/\/grupocubito12.es\/wp-content\/uploads\/sites\/34\/2023\/07\/servicio-aislamiento-ignifugo-acustico-y-termico-300x185.jpg 300w, https:\/\/grupocubito12.es\/wp-content\/uploads\/sites\/34\/2023\/07\/servicio-aislamiento-ignifugo-acustico-y-termico-768x473.jpg 768w\" sizes=\"(max-width: 1000px) 100vw, 1000px\" \/><\/figure><\/div>\n<\/div><\/div>\n\n\n\n<div class=\"wp-block-cover alignfull\"><span aria-hidden=\"true\" class=\"wp-block-cover__background has-background-dim-100 has-background-dim\" style=\"background-color:#1a1a1a\"><\/span><div class=\"wp-block-cover__inner-container\">\n<div class=\"wp-block-media-text alignwide is-stacked-on-mobile\" style=\"grid-template-columns:30% auto\"><figure class=\"wp-block-media-text__media\"><img decoding=\"async\" loading=\"lazy\" width=\"1000\" height=\"616\" src=\"https:\/\/grupocubito12.es\/wp-content\/uploads\/sites\/34\/2023\/07\/servicio-revestimientos-exteriores.jpg\" alt=\"Servicio Revestimiento Exterior Fachadas\" class=\"wp-image-730 size-full\" srcset=\"https:\/\/grupocubito12.es\/wp-content\/uploads\/sites\/34\/2023\/07\/servicio-revestimientos-exteriores.jpg 1000w, https:\/\/grupocubito12.es\/wp-content\/uploads\/sites\/34\/2023\/07\/servicio-revestimientos-exteriores-300x185.jpg 300w, https:\/\/grupocubito12.es\/wp-content\/uploads\/sites\/34\/2023\/07\/servicio-revestimientos-exteriores-768x473.jpg 768w\" sizes=\"(max-width: 1000px) 100vw, 1000px\" \/><\/figure><div class=\"wp-block-media-text__content\">\n<h2 class=\"has-white-color has-text-color\"><strong>Aislamientos exteriores en fachadas<\/strong><\/h2>\n\n\n\n<p>El Sistema de Aislamiento T\u00e9rmico por el Exterior (SATE) protege las viviendas por su fachada exterior, aislando el edificio a modo de envolvente t\u00e9rmica. Aporta eficiencia energ\u00e9tica al edificio ya que protege tanto del fr\u00edo como del calor, e insonoriza. El sistema SATE cubre como una capa protectora toda la casa, impide puentes t\u00e9rmicos, proporcionando temperaturas equilibradas y un clima interior agradable en cualquier \u00e9poca del a\u00f1o. Adem\u00e1s, el SATE asegura la estanqueidad en fachada, evita enfoscados interiores de fachada, y tiene alta durabilidad de prestaciones t\u00e9rmicas.<\/p>\n<\/div><\/div>\n<\/div><\/div>\n","protected":false},"excerpt":{"rendered":"<p>Servicios de Aislamiento, Impermeabilizaci\u00f3n y Rehabilitaci\u00f3n Integral de Fachadas.<\/p>\n","protected":false},"author":2,"featured_media":682,"parent":0,"menu_order":0,"comment_status":"closed","ping_status":"closed","template":"","meta":{"_mi_skip_tracking":false},"yoast_head":"<!-- This site is optimized with the Yoast SEO plugin v19.10 - https:\/\/yoast.com\/wordpress\/plugins\/seo\/ -->\n<title>Servicios de Aislamientos y Rehabilitaci\u00f3n en Murcia - Cubito12 S.L<\/title>\n<meta name=\"description\" content=\"Empresa ubicada en Murcia dedicada a la rehabilitaci\u00f3n de fachadas, aislamientos, rehabilitaci\u00f3n y revestimientos de interiores y exteriores.\" \/>\n<meta name=\"robots\" content=\"index, follow, max-snippet:-1, max-image-preview:large, max-video-preview:-1\" \/>\n<link rel=\"canonical\" href=\"https:\/\/grupocubito12.es\/index.php\/servicios\/\" \/>\n<meta property=\"og:locale\" content=\"es_ES\" \/>\n<meta property=\"og:type\" content=\"article\" \/>\n<meta property=\"og:title\" content=\"Servicios de Aislamientos y Rehabilitaci\u00f3n en Murcia - Cubito12 S.L\" \/>\n<meta property=\"og:description\" content=\"Empresa ubicada en Murcia dedicada a la rehabilitaci\u00f3n de fachadas, aislamientos, rehabilitaci\u00f3n y revestimientos de interiores y exteriores.\" \/>\n<meta property=\"og:url\" content=\"https:\/\/grupocubito12.es\/index.php\/servicios\/\" \/>\n<meta property=\"og:site_name\" content=\"C\u00fabito 12 S.L.\" \/>\n<meta property=\"article:modified_time\" content=\"2023-10-20T11:56:32+00:00\" \/>\n<meta property=\"og:image\" content=\"https:\/\/grupocubito12.es\/wp-content\/uploads\/sites\/34\/2023\/07\/quienes-somos.jpg\" \/>\n\t<meta property=\"og:image:width\" content=\"612\" \/>\n\t<meta property=\"og:image:height\" content=\"344\" \/>\n\t<meta property=\"og:image:type\" content=\"image\/jpeg\" \/>\n<meta name=\"twitter:card\" content=\"summary_large_image\" \/>\n<meta name=\"twitter:label1\" content=\"Tiempo de lectura\" \/>\n\t<meta name=\"twitter:data1\" content=\"2 minutos\" \/>\n<script type=\"application\/ld+json\" class=\"yoast-schema-graph\">{\"@context\":\"https:\/\/schema.org\",\"@graph\":[{\"@type\":\"WebPage\",\"@id\":\"https:\/\/grupocubito12.es\/index.php\/servicios\/\",\"url\":\"https:\/\/grupocubito12.es\/index.php\/servicios\/\",\"name\":\"Servicios de Aislamientos y Rehabilitaci\u00f3n en Murcia - Cubito12 S.L\",\"isPartOf\":{\"@id\":\"https:\/\/grupocubito12.es\/#website\"},\"datePublished\":\"2022-11-15T07:44:16+00:00\",\"dateModified\":\"2023-10-20T11:56:32+00:00\",\"description\":\"Empresa ubicada en Murcia dedicada a la rehabilitaci\u00f3n de fachadas, aislamientos, rehabilitaci\u00f3n y revestimientos de interiores y exteriores.\",\"breadcrumb\":{\"@id\":\"https:\/\/grupocubito12.es\/index.php\/servicios\/#breadcrumb\"},\"inLanguage\":\"es\",\"potentialAction\":[{\"@type\":\"ReadAction\",\"target\":[\"https:\/\/grupocubito12.es\/index.php\/servicios\/\"]}]},{\"@type\":\"BreadcrumbList\",\"@id\":\"https:\/\/grupocubito12.es\/index.php\/servicios\/#breadcrumb\",\"itemListElement\":[{\"@type\":\"ListItem\",\"position\":1,\"name\":\"Portada\",\"item\":\"https:\/\/grupocubito12.es\/\"},{\"@type\":\"ListItem\",\"position\":2,\"name\":\"Servicios\"}]},{\"@type\":\"WebSite\",\"@id\":\"https:\/\/grupocubito12.es\/#website\",\"url\":\"https:\/\/grupocubito12.es\/\",\"name\":\"C\u00fabito 12 S.L.\",\"description\":\"Revestimiento de Fachadas y Aislamientos\",\"publisher\":{\"@id\":\"https:\/\/grupocubito12.es\/#organization\"},\"potentialAction\":[{\"@type\":\"SearchAction\",\"target\":{\"@type\":\"EntryPoint\",\"urlTemplate\":\"https:\/\/grupocubito12.es\/?s={search_term_string}\"},\"query-input\":\"required name=search_term_string\"}],\"inLanguage\":\"es\"},{\"@type\":\"Organization\",\"@id\":\"https:\/\/grupocubito12.es\/#organization\",\"name\":\"C\u00fabito 12 S.L.\",\"url\":\"https:\/\/grupocubito12.es\/\",\"logo\":{\"@type\":\"ImageObject\",\"inLanguage\":\"es\",\"@id\":\"https:\/\/grupocubito12.es\/#\/schema\/logo\/image\/\",\"url\":\"https:\/\/grupocubito12.es\/wp-content\/uploads\/sites\/34\/2024\/02\/LOGOCUBITO12.jpg\",\"contentUrl\":\"https:\/\/grupocubito12.es\/wp-content\/uploads\/sites\/34\/2024\/02\/LOGOCUBITO12.jpg\",\"width\":800,\"height\":566,\"caption\":\"C\u00fabito 12 S.L.\"},\"image\":{\"@id\":\"https:\/\/grupocubito12.es\/#\/schema\/logo\/image\/\"}}]}<\/script>\n<!-- \/ Yoast SEO plugin. -->","yoast_head_json":{"title":"Servicios de Aislamientos y Rehabilitaci\u00f3n en Murcia - Cubito12 S.L","description":"Empresa ubicada en Murcia dedicada a la rehabilitaci\u00f3n de fachadas, aislamientos, rehabilitaci\u00f3n y revestimientos de interiores y exteriores.","robots":{"index":"index","follow":"follow","max-snippet":"max-snippet:-1","max-image-preview":"max-image-preview:large","max-video-preview":"max-video-preview:-1"},"canonical":"https:\/\/grupocubito12.es\/index.php\/servicios\/","og_locale":"es_ES","og_type":"article","og_title":"Servicios de Aislamientos y Rehabilitaci\u00f3n en Murcia - Cubito12 S.L","og_description":"Empresa ubicada en Murcia dedicada a la rehabilitaci\u00f3n de fachadas, aislamientos, rehabilitaci\u00f3n y revestimientos de interiores y exteriores.","og_url":"https:\/\/grupocubito12.es\/index.php\/servicios\/","og_site_name":"C\u00fabito 12 S.L.","article_modified_time":"2023-10-20T11:56:32+00:00","og_image":[{"width":612,"height":344,"url":"https:\/\/grupocubito12.es\/wp-content\/uploads\/sites\/34\/2023\/07\/quienes-somos.jpg","type":"image\/jpeg"}],"twitter_card":"summary_large_image","twitter_misc":{"Tiempo de lectura":"2 minutos"},"schema":{"@context":"https:\/\/schema.org","@graph":[{"@type":"WebPage","@id":"https:\/\/grupocubito12.es\/index.php\/servicios\/","url":"https:\/\/grupocubito12.es\/index.php\/servicios\/","name":"Servicios de Aislamientos y Rehabilitaci\u00f3n en Murcia - Cubito12 S.L","isPartOf":{"@id":"https:\/\/grupocubito12.es\/#website"},"datePublished":"2022-11-15T07:44:16+00:00","dateModified":"2023-10-20T11:56:32+00:00","description":"Empresa ubicada en Murcia dedicada a la rehabilitaci\u00f3n de fachadas, aislamientos, rehabilitaci\u00f3n y revestimientos de interiores y exteriores.","breadcrumb":{"@id":"https:\/\/grupocubito12.es\/index.php\/servicios\/#breadcrumb"},"inLanguage":"es","potentialAction":[{"@type":"ReadAction","target":["https:\/\/grupocubito12.es\/index.php\/servicios\/"]}]},{"@type":"BreadcrumbList","@id":"https:\/\/grupocubito12.es\/index.php\/servicios\/#breadcrumb","itemListElement":[{"@type":"ListItem","position":1,"name":"Portada","item":"https:\/\/grupocubito12.es\/"},{"@type":"ListItem","position":2,"name":"Servicios"}]},{"@type":"WebSite","@id":"https:\/\/grupocubito12.es\/#website","url":"https:\/\/grupocubito12.es\/","name":"C\u00fabito 12 S.L.","description":"Revestimiento de Fachadas y Aislamientos","publisher":{"@id":"https:\/\/grupocubito12.es\/#organization"},"potentialAction":[{"@type":"SearchAction","target":{"@type":"EntryPoint","urlTemplate":"https:\/\/grupocubito12.es\/?s={search_term_string}"},"query-input":"required name=search_term_string"}],"inLanguage":"es"},{"@type":"Organization","@id":"https:\/\/grupocubito12.es\/#organization","name":"C\u00fabito 12 S.L.","url":"https:\/\/grupocubito12.es\/","logo":{"@type":"ImageObject","inLanguage":"es","@id":"https:\/\/grupocubito12.es\/#\/schema\/logo\/image\/","url":"https:\/\/grupocubito12.es\/wp-content\/uploads\/sites\/34\/2024\/02\/LOGOCUBITO12.jpg","contentUrl":"https:\/\/grupocubito12.es\/wp-content\/uploads\/sites\/34\/2024\/02\/LOGOCUBITO12.jpg","width":800,"height":566,"caption":"C\u00fabito 12 S.L."},"image":{"@id":"https:\/\/grupocubito12.es\/#\/schema\/logo\/image\/"}}]}},"_links":{"self":[{"href":"https:\/\/grupocubito12.es\/index.php\/wp-json\/wp\/v2\/pages\/20"}],"collection":[{"href":"https:\/\/grupocubito12.es\/index.php\/wp-json\/wp\/v2\/pages"}],"about":[{"href":"https:\/\/grupocubito12.es\/index.php\/wp-json\/wp\/v2\/types\/page"}],"author":[{"embeddable":true,"href":"https:\/\/grupocubito12.es\/index.php\/wp-json\/wp\/v2\/users\/2"}],"replies":[{"embeddable":true,"href":"https:\/\/grupocubito12.es\/index.php\/wp-json\/wp\/v2\/comments?post=20"}],"version-history":[{"count":19,"href":"https:\/\/grupocubito12.es\/index.php\/wp-json\/wp\/v2\/pages\/20\/revisions"}],"predecessor-version":[{"id":1064,"href":"https:\/\/grupocubito12.es\/index.php\/wp-json\/wp\/v2\/pages\/20\/revisions\/1064"}],"wp:featuredmedia":[{"embeddable":true,"href":"https:\/\/grupocubito12.es\/index.php\/wp-json\/wp\/v2\/media\/682"}],"wp:attachment":[{"href":"https:\/\/grupocubito12.es\/index.php\/wp-json\/wp\/v2\/media?parent=20"}],"curies":[{"name":"wp","href":"https:\/\/api.w.org\/{rel}","templated":true}]}}