	



	{"id":26,"date":"2022-11-15T08:44:56","date_gmt":"2022-11-15T07:44:56","guid":{"rendered":"https:\/\/kitbase.webs.fococonsultores.es\/?page_id=26"},"modified":"2023-10-19T21:57:23","modified_gmt":"2023-10-19T20:57:23","slug":"ubicacion","status":"publish","type":"page","link":"https:\/\/grupocubito12.es\/index.php\/ubicacion\/","title":{"rendered":"Ubicaci\u00f3n"},"content":{"rendered":"\n<div style=\"height:4vh\" aria-hidden=\"true\" class=\"wp-block-spacer\"><\/div>\n\n\n<div class=\"yoast-breadcrumbs\"><span><span><a href=\"https:\/\/grupocubito12.es\/\">Portada<\/a> \u00bb <span class=\"breadcrumb_last\" aria-current=\"page\">Ubicaci\u00f3n<\/span><\/span><\/span><\/div>\n\n\n<div class=\"wp-block-cover alignfull is-light\"><span aria-hidden=\"true\" class=\"wp-block-cover__background has-white-background-color has-background-dim-100 has-background-dim\"><\/span><div class=\"wp-block-cover__inner-container\">\n<div style=\"height:50px\" aria-hidden=\"true\" class=\"wp-block-spacer\"><\/div>\n\n\n\n<div class=\"is-layout-flex wp-container-6 wp-block-columns\">\n<div class=\"is-layout-flow wp-block-column\" style=\"flex-basis:3.5%\"><\/div>\n\n\n\n<div class=\"is-layout-flow wp-block-column is-vertically-aligned-center\" style=\"flex-basis:33%\">\n<h1 class=\"alignwide has-large-font-size\">Ubicaci\u00f3n<\/h1>\n\n\n\n<div style=\"height:30px\" aria-hidden=\"true\" class=\"wp-block-spacer\"><\/div>\n\n\n\n<h2><strong>Cubito S.L.<\/strong><\/h2>\n\n\n\n<p>Estamos en CT DE MAZARR\u00d3N, PG CASTILLO ASOMADA. EN EL PALMAR.<\/p>\n\n\n\n<p><a href=\"mailto:info.cubito12@gmail.com\">info.cubito12@gmail.com<\/a><\/p>\n\n\n\n<p><a href=\"tel:685342409\">+34 685 342 409<\/a> | <a href=\"tel:+34654104169\">+34 654 104 169<\/a><\/p>\n\n\n\n<div class=\"is-content-justification-right is-layout-flex wp-container-2 wp-block-buttons\">\n<div class=\"wp-block-button is-style-fill\"><a class=\"wp-block-button__link has-text-color has-background wp-element-button\" href=\"https:\/\/www.google.com\/maps\/dir\/\/Av.+Castillo+de+la+Asomada,+4,+30120+Murcia\/@37.9381453,-1.2180974,10929m\/data=!3m1!1e3!4m8!4m7!1m0!1m5!1m1!1s0xd637fa91d89bc87:0xaf548136793f7d34!2m2!1d-1.1768977!2d37.9381525?entry=ttu\" style=\"border-radius:6px;color:#111111;background-color:#ff8607\" target=\"_blank\" rel=\"noreferrer noopener\">C\u00f3mo llegar<\/a><\/div>\n<\/div>\n<\/div>\n\n\n\n<div class=\"is-layout-flow wp-block-column\" style=\"flex-basis:3.5%\"><\/div>\n\n\n\n<div class=\"is-layout-flow wp-block-column\" style=\"flex-basis:60%\">\n<\/div>\n<\/div>\n<\/div><\/div>\n","protected":false},"excerpt":{"rendered":"","protected":false},"author":2,"featured_media":689,"parent":0,"menu_order":0,"comment_status":"closed","ping_status":"closed","template":"","meta":{"_mi_skip_tracking":false},"yoast_head":"<!-- This site is optimized with the Yoast SEO plugin v19.10 - https:\/\/yoast.com\/wordpress\/plugins\/seo\/ -->\n<title>Ubicaci\u00f3n Rehabilitaci\u00f3n Fachadas Murcia - C\u00fabito 12 S.L.<\/title>\n<meta name=\"description\" content=\"Ubicaci\u00f3n de empresa de Servicios de Rehabilitaci\u00f3n, Aislamientos y Reformas Integrales de Fachadas en Murcia.\" \/>\n<meta name=\"robots\" content=\"index, follow, max-snippet:-1, max-image-preview:large, max-video-preview:-1\" \/>\n<link rel=\"canonical\" href=\"https:\/\/grupocubito12.es\/index.php\/ubicacion\/\" \/>\n<meta property=\"og:locale\" content=\"es_ES\" \/>\n<meta property=\"og:type\" content=\"article\" \/>\n<meta property=\"og:title\" content=\"Ubicaci\u00f3n Rehabilitaci\u00f3n Fachadas Murcia - C\u00fabito 12 S.L.\" \/>\n<meta property=\"og:description\" content=\"Ubicaci\u00f3n de empresa de Servicios de Rehabilitaci\u00f3n, Aislamientos y Reformas Integrales de Fachadas en Murcia.\" \/>\n<meta property=\"og:url\" content=\"https:\/\/grupocubito12.es\/index.php\/ubicacion\/\" \/>\n<meta property=\"og:site_name\" content=\"C\u00fabito 12 S.L.\" \/>\n<meta property=\"article:modified_time\" content=\"2023-10-19T20:57:23+00:00\" \/>\n<meta property=\"og:image\" content=\"https:\/\/grupocubito12.es\/wp-content\/uploads\/sites\/34\/2023\/07\/servicio-rehabilitacion-de-fachadas.jpg\" \/>\n\t<meta property=\"og:image:width\" content=\"1000\" \/>\n\t<meta property=\"og:image:height\" content=\"616\" \/>\n\t<meta property=\"og:image:type\" content=\"image\/jpeg\" \/>\n<meta name=\"twitter:card\" content=\"summary_large_image\" \/>\n<meta name=\"twitter:label1\" content=\"Tiempo de lectura\" \/>\n\t<meta name=\"twitter:data1\" content=\"1 minuto\" \/>\n<script type=\"application\/ld+json\" class=\"yoast-schema-graph\">{\"@context\":\"https:\/\/schema.org\",\"@graph\":[{\"@type\":\"WebPage\",\"@id\":\"https:\/\/grupocubito12.es\/index.php\/ubicacion\/\",\"url\":\"https:\/\/grupocubito12.es\/index.php\/ubicacion\/\",\"name\":\"Ubicaci\u00f3n Rehabilitaci\u00f3n Fachadas Murcia - C\u00fabito 12 S.L.\",\"isPartOf\":{\"@id\":\"https:\/\/grupocubito12.es\/#website\"},\"datePublished\":\"2022-11-15T07:44:56+00:00\",\"dateModified\":\"2023-10-19T20:57:23+00:00\",\"description\":\"Ubicaci\u00f3n de empresa de Servicios de Rehabilitaci\u00f3n, Aislamientos y Reformas Integrales de Fachadas en Murcia.\",\"breadcrumb\":{\"@id\":\"https:\/\/grupocubito12.es\/index.php\/ubicacion\/#breadcrumb\"},\"inLanguage\":\"es\",\"potentialAction\":[{\"@type\":\"ReadAction\",\"target\":[\"https:\/\/grupocubito12.es\/index.php\/ubicacion\/\"]}]},{\"@type\":\"BreadcrumbList\",\"@id\":\"https:\/\/grupocubito12.es\/index.php\/ubicacion\/#breadcrumb\",\"itemListElement\":[{\"@type\":\"ListItem\",\"position\":1,\"name\":\"Portada\",\"item\":\"https:\/\/grupocubito12.es\/\"},{\"@type\":\"ListItem\",\"position\":2,\"name\":\"Ubicaci\u00f3n\"}]},{\"@type\":\"WebSite\",\"@id\":\"https:\/\/grupocubito12.es\/#website\",\"url\":\"https:\/\/grupocubito12.es\/\",\"name\":\"C\u00fabito 12 S.L.\",\"description\":\"Revestimiento de Fachadas y Aislamientos\",\"publisher\":{\"@id\":\"https:\/\/grupocubito12.es\/#organization\"},\"potentialAction\":[{\"@type\":\"SearchAction\",\"target\":{\"@type\":\"EntryPoint\",\"urlTemplate\":\"https:\/\/grupocubito12.es\/?s={search_term_string}\"},\"query-input\":\"required name=search_term_string\"}],\"inLanguage\":\"es\"},{\"@type\":\"Organization\",\"@id\":\"https:\/\/grupocubito12.es\/#organization\",\"name\":\"C\u00fabito 12 S.L.\",\"url\":\"https:\/\/grupocubito12.es\/\",\"logo\":{\"@type\":\"ImageObject\",\"inLanguage\":\"es\",\"@id\":\"https:\/\/grupocubito12.es\/#\/schema\/logo\/image\/\",\"url\":\"https:\/\/grupocubito12.es\/wp-content\/uploads\/sites\/34\/2024\/02\/LOGOCUBITO12.jpg\",\"contentUrl\":\"https:\/\/grupocubito12.es\/wp-content\/uploads\/sites\/34\/2024\/02\/LOGOCUBITO12.jpg\",\"width\":800,\"height\":566,\"caption\":\"C\u00fabito 12 S.L.\"},\"image\":{\"@id\":\"https:\/\/grupocubito12.es\/#\/schema\/logo\/image\/\"}}]}<\/script>\n<!-- \/ Yoast SEO plugin. -->","yoast_head_json":{"title":"Ubicaci\u00f3n Rehabilitaci\u00f3n Fachadas Murcia - C\u00fabito 12 S.L.","description":"Ubicaci\u00f3n de empresa de Servicios de Rehabilitaci\u00f3n, Aislamientos y Reformas Integrales de Fachadas en Murcia.","robots":{"index":"index","follow":"follow","max-snippet":"max-snippet:-1","max-image-preview":"max-image-preview:large","max-video-preview":"max-video-preview:-1"},"canonical":"https:\/\/grupocubito12.es\/index.php\/ubicacion\/","og_locale":"es_ES","og_type":"article","og_title":"Ubicaci\u00f3n Rehabilitaci\u00f3n Fachadas Murcia - C\u00fabito 12 S.L.","og_description":"Ubicaci\u00f3n de empresa de Servicios de Rehabilitaci\u00f3n, Aislamientos y Reformas Integrales de Fachadas en Murcia.","og_url":"https:\/\/grupocubito12.es\/index.php\/ubicacion\/","og_site_name":"C\u00fabito 12 S.L.","article_modified_time":"2023-10-19T20:57:23+00:00","og_image":[{"width":1000,"height":616,"url":"https:\/\/grupocubito12.es\/wp-content\/uploads\/sites\/34\/2023\/07\/servicio-rehabilitacion-de-fachadas.jpg","type":"image\/jpeg"}],"twitter_card":"summary_large_image","twitter_misc":{"Tiempo de lectura":"1 minuto"},"schema":{"@context":"https:\/\/schema.org","@graph":[{"@type":"WebPage","@id":"https:\/\/grupocubito12.es\/index.php\/ubicacion\/","url":"https:\/\/grupocubito12.es\/index.php\/ubicacion\/","name":"Ubicaci\u00f3n Rehabilitaci\u00f3n Fachadas Murcia - C\u00fabito 12 S.L.","isPartOf":{"@id":"https:\/\/grupocubito12.es\/#website"},"datePublished":"2022-11-15T07:44:56+00:00","dateModified":"2023-10-19T20:57:23+00:00","description":"Ubicaci\u00f3n de empresa de Servicios de Rehabilitaci\u00f3n, Aislamientos y Reformas Integrales de Fachadas en Murcia.","breadcrumb":{"@id":"https:\/\/grupocubito12.es\/index.php\/ubicacion\/#breadcrumb"},"inLanguage":"es","potentialAction":[{"@type":"ReadAction","target":["https:\/\/grupocubito12.es\/index.php\/ubicacion\/"]}]},{"@type":"BreadcrumbList","@id":"https:\/\/grupocubito12.es\/index.php\/ubicacion\/#breadcrumb","itemListElement":[{"@type":"ListItem","position":1,"name":"Portada","item":"https:\/\/grupocubito12.es\/"},{"@type":"ListItem","position":2,"name":"Ubicaci\u00f3n"}]},{"@type":"WebSite","@id":"https:\/\/grupocubito12.es\/#website","url":"https:\/\/grupocubito12.es\/","name":"C\u00fabito 12 S.L.","description":"Revestimiento de Fachadas y Aislamientos","publisher":{"@id":"https:\/\/grupocubito12.es\/#organization"},"potentialAction":[{"@type":"SearchAction","target":{"@type":"EntryPoint","urlTemplate":"https:\/\/grupocubito12.es\/?s={search_term_string}"},"query-input":"required name=search_term_string"}],"inLanguage":"es"},{"@type":"Organization","@id":"https:\/\/grupocubito12.es\/#organization","name":"C\u00fabito 12 S.L.","url":"https:\/\/grupocubito12.es\/","logo":{"@type":"ImageObject","inLanguage":"es","@id":"https:\/\/grupocubito12.es\/#\/schema\/logo\/image\/","url":"https:\/\/grupocubito12.es\/wp-content\/uploads\/sites\/34\/2024\/02\/LOGOCUBITO12.jpg","contentUrl":"https:\/\/grupocubito12.es\/wp-content\/uploads\/sites\/34\/2024\/02\/LOGOCUBITO12.jpg","width":800,"height":566,"caption":"C\u00fabito 12 S.L."},"image":{"@id":"https:\/\/grupocubito12.es\/#\/schema\/logo\/image\/"}}]}},"_links":{"self":[{"href":"https:\/\/grupocubito12.es\/index.php\/wp-json\/wp\/v2\/pages\/26"}],"collection":[{"href":"https:\/\/grupocubito12.es\/index.php\/wp-json\/wp\/v2\/pages"}],"about":[{"href":"https:\/\/grupocubito12.es\/index.php\/wp-json\/wp\/v2\/types\/page"}],"author":[{"embeddable":true,"href":"https:\/\/grupocubito12.es\/index.php\/wp-json\/wp\/v2\/users\/2"}],"replies":[{"embeddable":true,"href":"https:\/\/grupocubito12.es\/index.php\/wp-json\/wp\/v2\/comments?post=26"}],"version-history":[{"count":29,"href":"https:\/\/grupocubito12.es\/index.php\/wp-json\/wp\/v2\/pages\/26\/revisions"}],"predecessor-version":[{"id":1057,"href":"https:\/\/grupocubito12.es\/index.php\/wp-json\/wp\/v2\/pages\/26\/revisions\/1057"}],"wp:featuredmedia":[{"embeddable":true,"href":"https:\/\/grupocubito12.es\/index.php\/wp-json\/wp\/v2\/media\/689"}],"wp:attachment":[{"href":"https:\/\/grupocubito12.es\/index.php\/wp-json\/wp\/v2\/media?parent=26"}],"curies":[{"name":"wp","href":"https:\/\/api.w.org\/{rel}","templated":true}]}}